{"id":4335,"date":"2022-01-13T10:57:56","date_gmt":"2022-01-13T03:57:56","guid":{"rendered":"https:\/\/saigonelixir.com\/?post_type=product&#038;p=4335"},"modified":"2022-06-03T10:57:11","modified_gmt":"2022-06-03T03:57:11","slug":"hop-qua-tet-set-nuoc-hoa-hoa-sen","status":"publish","type":"product","link":"https:\/\/saigonelixir.com\/vi\/san-pham\/hop-qua-tet-set-nuoc-hoa-hoa-sen\/","title":{"rendered":"Set Qu\u00e0 T\u1ebft  &#8211; Set N\u01b0\u1edbc Hoa Hoa Sen"},"content":{"rendered":"<p>&nbsp;<\/p>\n<p><b>Th\u00f4ng tin<\/b><\/p>\n<p>&nbsp;<\/p>\n<p><b>\u0110\u1eb1ng sau v\u00f2ng \u0111\u1eddi tr\u01b0\u1edfng th\u00e0nh c\u1ee7a hoa sen\u00a0 \u00a0<\/b><\/p>\n<p>&nbsp;<\/p>\n<p>V\u00f2ng \u0111\u1eddi sinh tr\u01b0\u1edfng c\u1ee7a hoa sen \u0111\u01b0\u1ee3c \u0111\u1ea1i di\u1ec7n cho n\u0103m t\u00ednh c\u00e1ch: Trong tr\u1eafng, Thanh khi\u1ebft, Tinh t\u1ebf, K\u00edn \u0111\u00e1o v\u00e0 C\u1ea7n c\u00f9.<\/p>\n<p>Hoa sen \u0111\u01b0\u1ee3c m\u1ecdc t\u1eeb \u0111\u1ea7m l\u1ea7y t\u1ed1i t\u0103m v\u01b0\u01a1n l\u00ean m\u1eb7t n\u01b0\u1edbc \u0111\u00f3n \u00e1nh n\u1eafng v\u00e0 kh\u00f4ng kh\u00ed trong l\u00e0nh t\u01b0\u1ee3ng tr\u01b0ng cho s\u1ef1 trong tr\u1eafng. Khi hoa sen \u0111\u00e3 l\u1edbn, ch\u00fang c\u00f3 th\u1ec3 t\u1ef1 l\u1ecdc s\u1ea1ch n\u01b0\u1edbc xung quanh m\u00ecnh, \u0111\u1ea1i di\u1ec7n cho s\u1ef1 thanh khi\u1ebft. V\u1edbi m\u00f9i h\u01b0\u01a1ng thanh tao, th\u01a1m ng\u00e1t \u0111\u1ea1i di\u1ec7n cho s\u1ef1 tinh t\u1ebf nh\u01b0ng kh\u00f4ng c\u00f3 b\u1ea5t k\u00ec lo\u00e0i c\u00f4n tr\u00f9ng n\u00e0o l\u1ea1i g\u1ea7n \u0111\u1ec3 h\u00fat m\u1eadt- s\u1ef1 k\u00edn \u0111\u00e1o. V\u00e0 b\u1ea5t ch\u1ea5p nh\u1eefng \u0111i\u1ec1u ki\u1ec7n kh\u00f3 kh\u0103n, hoa sen v\u1eabn n\u1edf r\u1ed9 th\u00e0nh nh\u1eefng b\u00f4ng hoa l\u1ed9ng l\u1eaby tr\u00ean h\u1ed3, \u0111\u1ea1i di\u1ec7n cho s\u1ef1 c\u1ea7n c\u00f9. \u0110\u00e2y l\u00e0 nh\u1eefng th\u00f4ng \u0111i\u1ec7p s\u00e2u s\u1eafc m\u00e0 Ph\u1eadt Gi\u00e1o \u0111\u00e3 truy\u1ec1n t\u1ea3i v\u00e0 l\u00e0 nh\u1eefng g\u00ec Saigon Elixir mu\u1ed1n c\u00e1c b\u1ea1n h\u00e3y nh\u1edb \u0111\u1ebfn khi nh\u00ecn th\u1ea5y m\u1ed9t \u0111\u00f3a sen.<\/p>\n<p>&nbsp;<\/p>\n<p><b>Cung ch\u00fac t\u00e2n xu\u00e2n\u00a0\u00a0<\/b><\/p>\n<p>V\u00e0o m\u1ed7i d\u1ecbp T\u1ebft \u0111\u1ebfn l\u00e0 l\u00fac gia \u0111\u00ecnh sum v\u1ea7y, h\u1ecd h\u00e0ng qu\u00e2y qu\u1ea7n, th\u1edd c\u00fang t\u1ed5 ti\u00ean, ch\u00fac t\u1ee5ng v\u00e0 m\u1eebng tu\u1ed5i nhau. V\u1edbi nhi\u1ec1u n\u00e9t \u0111\u1eb9p truy\u1ec1n th\u1ed1ng g\u1eafn li\u1ec1n v\u1edbi hoa sen, Saigon Elixir \u0111\u00e3 cho ra m\u1eaft H\u1ed8P QU\u00c0 T\u1ebeT \u0111\u1eb9p m\u1eaft v\u1edbi nh\u1eefng h\u01b0\u01a1ng hoa sen tinh t\u00fay nh\u1ea5t cho m\u1ed9t n\u0103m m\u1edbi th\u1eadt tr\u1ecdn v\u1eb9n.<\/p>\n<p>&nbsp;<\/p>\n<p><b>Set qu\u00e0 t\u1eb7ng \u00fd ngh\u0129a\u00a0\u00a0<\/b><\/p>\n<p>H\u1ed9p qu\u00e0 T\u1ebft \u0111em \u0111\u1ebfn cho b\u1ea1n b\u1ed9 s\u01b0u t\u1eadp n\u01b0\u1edbc hoa l\u1ea5y c\u1ea3m h\u1ee9ng t\u1eeb hoa sen t\u1ed1t nh\u1ea5t t\u1ea1i Saigon Elixir. Nh\u00ecn chung, nh\u00f3m h\u01b0\u01a1ng hoa sen \u0111\u01b0\u1ee3c m\u00f4 t\u1ea3 l\u00e0 \u0111em l\u1ea1i h\u01b0\u01a1ng hoa n\u1ed3ng n\u00e0n, ng\u1ecdt ng\u00e0o k\u1ebft h\u1ee3p v\u1edbi h\u01b0\u01a1ng th\u01a1m b\u00f9i b\u00f9i c\u1ee7a h\u1ea1nh nh\u00e2n v\u00e0 h\u1ea1t sen. B\u1ed9 qu\u00e0 T\u1ebft mang \u0111\u1eadm \u00fd ngh\u0129a truy\u1ec1n th\u1ed1ng, \u0111em l\u1ea1i kh\u00f4ng kh\u00ed t\u01b0\u01a1i m\u00e1t, thanh khi\u1ebft h\u1ee9a h\u1eb9n m\u1ed9t kh\u1edfi \u0111\u1ea7u n\u0103m m\u1edbi th\u1eadt th\u00e0nh c\u00f4ng.<\/p>\n<div><\/div>","protected":false},"excerpt":{"rendered":"<p>&nbsp;<\/p>\n<p><strong>B\u1ea1n \u0111\u1eafn \u0111o trong vi\u1ec7c l\u1ef1a ch\u1ecdn m\u1ed9t m\u00f3n qu\u00e0 T\u1ebft \u00fd ngh\u0129a t\u1eeb b\u1ed9 s\u01b0u t\u1eadp n\u01b0\u1edbc hoa c\u1ee7a ch\u00fang t\u00f4i\u00a0 &#8211;<\/strong> \u0110\u1eebng lo l\u1eafng. Ch\u00fang t\u00f4i \u0111em \u0111\u1ebfn b\u1ea1n b\u1ed9 s\u01b0u t\u1eadp l\u1ea5y c\u1ea3m h\u1ee9ng t\u1eeb hoa sen \u0111\u01b0\u1ee3c ch\u1ecdn l\u1ecdc \u0111\u1eb7c bi\u1ec7t cho d\u1ecbp T\u1ebft.<\/p>\n<p>&nbsp;<\/p>\n<p><strong>H\u1ed9p qu\u00e0 T\u1ebft &#8211; Set n\u01b0\u1edbc hoa hoa sen g\u1ed3m 3 s\u1ea3n ph\u1ea9m :<\/strong><\/p>\n<p>&nbsp;<\/p>\n<p><strong>WHITE LOTUS<\/strong><\/p>\n<p>H\u01b0\u01a1ng th\u01a1m hoa sen k\u1ebft h\u1ee3p x\u1ea1 h\u01b0\u01a1ng ph\u00f9 h\u1ee3p cho ph\u00e1i m\u1ea1nh v\u1edbi, \u0111\u1eb7c bi\u1ec7t l\u00e0 ban ng\u00e0y.<\/p>\n<p><strong>PINK LOTUS<\/strong><\/p>\n<p>H\u01b0\u01a1ng th\u01a1m hoa sen \u0111\u01b0\u1ee3c pha ch\u1ebf tinh t\u1ebf d\u00e0nh ri\u00eang cho ph\u00e1i \u0111\u1eb9p l\u1ea5y c\u1ea3m h\u1ee9ng t\u1eeb nh\u1eefng chai r\u01b0\u1ee3u s\u00e2m panh, \u0111\u1eb7c bi\u1ec7t th\u00edch h\u1ee3p v\u1edbi nh\u1eefng bu\u1ed5i ti\u1ec7c \u0111\u00eam.<\/p>\n<p><strong>WATER FLOWERS<\/strong><\/p>\n<p>\u0110\u01b0\u1ee3c ch\u1eaft l\u1ecdc k\u1ef9 c\u00e0ng t\u1eeb nh\u1eefng tinh hoa c\u00f3 trong WHITE v\u00e0 PINK LOTUS, \u0111em l\u1ea1i cho b\u1ea1n c\u1ea3m gi\u00e1c n\u1ed3ng n\u00e0n, m\u1ed9t kh\u00f4ng kh\u00ed T\u1ebft truy\u1ec1n th\u1ed1ng nh\u00e2n d\u1ecbp n\u0103m m\u1edbi.<\/p>\n<p>&nbsp;<\/p>\n<ul>\n<li><strong>Dung t\u00edch chai:<\/strong> 30 ML<\/li>\n<li><strong>Lo\u1ea1i chai:<\/strong> Chai x\u1ecbt th\u1ee7y tinh<\/li>\n<li><strong>Ch\u1ee9a \u0111\u1ef1ng:<\/strong> N\u01b0\u1edbc hoa<\/li>\n<li><strong><strong>Lo\u1ea1i:<\/strong><\/strong> 3 l\u1ecd 30 ML<\/li>\n<li><strong><strong>S\u1eed d\u1ee5ng:<\/strong><\/strong> V\u1eadt ph\u1ea9m s\u01b0u t\u1ea7m, M\u00f3n qu\u00e0 T\u1ebft \u00fd ngh\u0129a<\/li>\n<\/ul>\n<div><\/div>\n<div><\/div>","protected":false},"featured_media":4345,"template":"","meta":[],"product_cat":[598,495,147],"product_tag":[586,602,606],"aioseo_notices":[],"_links":{"self":[{"href":"https:\/\/saigonelixir.com\/vi\/wp-json\/wp\/v2\/product\/4335"}],"collection":[{"href":"https:\/\/saigonelixir.com\/vi\/wp-json\/wp\/v2\/product"}],"about":[{"href":"https:\/\/saigonelixir.com\/vi\/wp-json\/wp\/v2\/types\/product"}],"wp:featuredmedia":[{"embeddable":true,"href":"https:\/\/saigonelixir.com\/vi\/wp-json\/wp\/v2\/media\/4345"}],"wp:attachment":[{"href":"https:\/\/saigonelixir.com\/vi\/wp-json\/wp\/v2\/media?parent=4335"}],"wp:term":[{"taxonomy":"product_cat","embeddable":true,"href":"https:\/\/saigonelixir.com\/vi\/wp-json\/wp\/v2\/product_cat?post=4335"},{"taxonomy":"product_tag","embeddable":true,"href":"https:\/\/saigonelixir.com\/vi\/wp-json\/wp\/v2\/product_tag?post=4335"}],"curies":[{"name":"wp","href":"https:\/\/api.w.org\/{rel}","templated":true}]}}