{"id":4189,"date":"2021-12-14T14:24:14","date_gmt":"2021-12-14T07:24:14","guid":{"rendered":"https:\/\/saigonelixir.com\/?post_type=product&#038;p=4189"},"modified":"2021-12-23T14:49:39","modified_gmt":"2021-12-23T07:49:39","slug":"goi-qua-giang-sinh","status":"publish","type":"product","link":"https:\/\/saigonelixir.com\/vi\/san-pham\/goi-qua-giang-sinh\/","title":{"rendered":"G\u00f3i Qu\u00e0 Gi\u00e1ng Sinh"},"content":{"rendered":"","protected":false},"excerpt":{"rendered":"","protected":false},"featured_media":0,"template":"","meta":[],"product_cat":[581],"product_tag":[],"aioseo_notices":[],"_links":{"self":[{"href":"https:\/\/saigonelixir.com\/vi\/wp-json\/wp\/v2\/product\/4189"}],"collection":[{"href":"https:\/\/saigonelixir.com\/vi\/wp-json\/wp\/v2\/product"}],"about":[{"href":"https:\/\/saigonelixir.com\/vi\/wp-json\/wp\/v2\/types\/product"}],"wp:attachment":[{"href":"https:\/\/saigonelixir.com\/vi\/wp-json\/wp\/v2\/media?parent=4189"}],"wp:term":[{"taxonomy":"product_cat","embeddable":true,"href":"https:\/\/saigonelixir.com\/vi\/wp-json\/wp\/v2\/product_cat?post=4189"},{"taxonomy":"product_tag","embeddable":true,"href":"https:\/\/saigonelixir.com\/vi\/wp-json\/wp\/v2\/product_tag?post=4189"}],"curies":[{"name":"wp","href":"https:\/\/api.w.org\/{rel}","templated":true}]}}