{"id":3122,"date":"2021-07-13T12:16:39","date_gmt":"2021-07-13T05:16:39","guid":{"rendered":"https:\/\/saigonelixir.com\/?post_type=product&#038;p=3122"},"modified":"2022-06-03T15:39:40","modified_gmt":"2022-06-03T08:39:40","slug":"saigon-elixir-perfumers-library","status":"publish","type":"product","link":"https:\/\/saigonelixir.com\/vi\/san-pham\/saigon-elixir-perfumers-library\/","title":{"rendered":"Saigon Elixir Perfumers Library"},"content":{"rendered":"<p><strong>Th\u00f4ng tin s\u1ea3n ph\u1ea9m<\/strong><\/p>\n<p>&nbsp;<\/p>\n<p><strong>\u0110\u01b0\u1ee3c l\u00e0m th\u1ee7 c\u00f4ng b\u1edfi c\u00e1c ngh\u1ec7 nh\u00e2n<\/strong><br \/>\nM\u1ed7i s\u1ea3n ph\u1ea9m c\u1ee7a Saigon Elixir \u0111\u1ec1u \u0111\u01b0\u1ee3c l\u00e0m m\u1ed9t c\u00e1ch t\u1ec9 m\u1ec9, th\u1ec3 hi\u1ec7n s\u1ef1 tinh t\u00fay \u0111\u01b0\u1ee3c k\u1ebf th\u1eeba t\u1eeb xa x\u01b0a.<\/p>\n<p>\u0110\u1ed9i ng\u0169 ch\u01b0ng c\u1ea5t, pha ch\u1ebf n\u01b0\u1edbc hoa c\u00f9ng v\u1edbi th\u1ee3 th\u1ee7 c\u00f4ng v\u00e0 nh\u00e0 thi\u1ebft k\u1ebf t\u1eadn t\u00e2m v\u00e0 c\u00f3 tay ngh\u1ec1 cao c\u1ee7a ch\u00fang t\u00f4i l\u00e0m vi\u1ec7c kh\u00f4ng k\u1ec3 c\u00f4ng s\u1ee9c \u0111\u1ec3 cung c\u1ea5p c\u00e1c s\u1ea3n ph\u1ea9m- n\u1ed5i ti\u1ebfng v\u1edbi truy\u1ec1n th\u1ed1ng lu\u00f4n \u0111\u1ed5i m\u1edbi v\u00e0 \u0111\u1eb7c bi\u1ec7t c\u1ee7a h\u1ecd.<\/p>\n<p>&nbsp;<\/p>\n<p><strong>Chai th\u1ee7y tinh ch\u1ea5t l\u01b0\u1ee3ng<\/strong><br \/>\nV\u1edbi dung t\u00edch nh\u1ecf 2ml, d\u1ec5 d\u00e0ng tho\u1ea3i m\u00e1i mang theo m\u1ecdi l\u00fac m\u1ecdi n\u01a1i.<\/p>\n<p>&nbsp;<\/p>\n<p><strong>H\u1ed9p s\u1ea3n ph\u1ea9m cao c\u1ea5p<\/strong><br \/>\nH\u1ed9p c\u1ee7a ch\u00fang t\u00f4i \u0111\u01b0\u1ee3c thi\u1ebft k\u1ebf \u0111\u1eb7c bi\u1ec7t, th\u1ec3 hi\u1ec7n v\u1ebb \u0111\u1eb9p c\u1ee7a s\u1ea3n ph\u1ea9m v\u1edbi nh\u1eefng \u0111\u01b0\u1eddng n\u00e9t kh\u1eafc tay.<\/p>\n<p>\u0110\u1ec3 t\u0103ng th\u00eam ph\u1ea7n sang tr\u1ecdng, ch\u00fang t\u00f4i s\u1eed d\u1ee5ng gi\u1ea5y m\u1ef9 thu\u1eadt ch\u1ea5t l\u01b0\u1ee3ng c\u00f9ng v\u1edbi vi\u1ec7c \u00e9p nh\u0169 gold l\u00ean nh\u00e3n.<\/p>\n<p>Thi\u1ebft k\u1ebf \u0111\u1ed3ng ngh\u0129a v\u1edbi s\u1ef1 qu\u00fd ph\u00e1i v\u00e0 gi\u1ea3m thi\u1ec3u r\u1ee7i ro h\u01b0 h\u1ecfng khi v\u1eadn chuy\u1ec3n.<\/p>","protected":false},"excerpt":{"rendered":"<p>&nbsp;<\/p>\n<p><strong>B\u1ea1n g\u1eb7p kh\u00f3 kh\u0103n khi l\u1ef1a ch\u1ecdn lo\u1ea1i n\u01b0\u1edbc hoa ph\u00f9 h\u1ee3p cho m\u00ecnh<\/strong> \u2013 \u0110\u00e2y l\u00e0 gi\u1ea3i ph\u00e1p d\u00e0nh cho b\u1ea1n. Kh\u00e1m ph\u00e1 v\u00e0 tr\u1ea3i nghi\u1ec7m b\u1ea3n th\u00e2n v\u1edbi c\u00e1c lo\u1ea1i n\u01b0\u1edbc hoa \u0111\u1eb7c tr\u01b0ng c\u00f9ng v\u1edbi \u0111\u1ed9 l\u01b0u h\u01b0\u01a1ng d\u00e0i l\u00e2u. B\u1ed9 s\u1ea3n ph\u1ea9m g\u1ed3m 6 chai 2ML nh\u1ecf c\u1ee7a ch\u00fang t\u00f4i l\u00e0 m\u00f3n qu\u00e0 ho\u00e0n h\u1ea3o cho nh\u1eefng d\u1ecbp \u0111\u1eb7c bi\u1ec7t ho\u0103c s\u1eed d\u1ee5ng cho b\u1ea3n th\u00e2n.<\/p>\n<p>&nbsp;<\/p>\n<p><strong>The Scent Library l\u00e0 b\u1ed9 s\u01b0u t\u1eadp bao g\u1ed3m 6 s\u1ea3n ph\u1ea9m:<\/strong><\/p>\n<p>&nbsp;<\/p>\n<p><strong>X\u1ea0 H\u01af\u01a0NG- <\/strong><a href=\"https:\/\/saigonelixir.com\/product\/white-musk\/\">White Musk<\/a>. <strong>CAM<\/strong><strong> QU\u00ddT &#8211; <\/strong><a href=\"https:\/\/saigonelixir.com\/product\/citrus-garden-3\/\">Citrus Garden<\/a>. <strong>HOA<\/strong><strong> C\u1ece &#8211; <\/strong><a href=\"https:\/\/saigonelixir.com\/product\/jasmine-absolute\/\">Jasmine Absolute<\/a>, <a href=\"https:\/\/saigonelixir.com\/product\/rose\/\">Rose<\/a>. <strong>TR\u00c1I<\/strong><strong> C\u00c2Y &#8211; <\/strong><a href=\"https:\/\/saigonelixir.com\/product\/emperor-extrait\/\">Emperor Extrait<\/a>, <a href=\"https:\/\/saigonelixir.com\/product\/blueberry-musk-3\/\">Blueberry Musk<\/a>.<\/p>\n<p>&nbsp;<\/p>\n<ul>\n<li><strong>Dung<\/strong><strong> t\u00edch<\/strong><strong>:<\/strong> 2 ML<\/li>\n<li><strong>Lo\u1ea1i<\/strong><strong> chai<\/strong><strong>:<\/strong> Chai th\u1ee7y tinh nh\u1ecf gi\u1ecdt<\/li>\n<li><strong>Th\u00e0nh<\/strong><strong> ph\u1ea7n<\/strong><strong>:<\/strong> D\u1ea7u th\u01a1m<\/li>\n<li><strong>\u0110\u00f3ng<\/strong><strong> g\u00f3i<\/strong><strong>:<\/strong> 6 chai &#8211; 2 ML<\/li>\n<li><strong>C\u00e1ch<\/strong><strong> s\u1eed d\u1ee5ng<\/strong><strong>:<\/strong> S\u01b0u t\u1ea7m, L\u00e0m qu\u00e0 t\u1eb7ng ho\u1eb7c N\u1ebfu b\u1ea1n g\u1eb7p kh\u00f3 kh\u0103n khi l\u1ef1a ch\u1ecdn<\/li>\n<\/ul>\n<p>&nbsp;<\/p>\n<div><\/div>\n<div><\/div>","protected":false},"featured_media":4082,"template":"","meta":[],"product_cat":[362],"product_tag":[],"aioseo_notices":[],"_links":{"self":[{"href":"https:\/\/saigonelixir.com\/vi\/wp-json\/wp\/v2\/product\/3122"}],"collection":[{"href":"https:\/\/saigonelixir.com\/vi\/wp-json\/wp\/v2\/product"}],"about":[{"href":"https:\/\/saigonelixir.com\/vi\/wp-json\/wp\/v2\/types\/product"}],"wp:featuredmedia":[{"embeddable":true,"href":"https:\/\/saigonelixir.com\/vi\/wp-json\/wp\/v2\/media\/4082"}],"wp:attachment":[{"href":"https:\/\/saigonelixir.com\/vi\/wp-json\/wp\/v2\/media?parent=3122"}],"wp:term":[{"taxonomy":"product_cat","embeddable":true,"href":"https:\/\/saigonelixir.com\/vi\/wp-json\/wp\/v2\/product_cat?post=3122"},{"taxonomy":"product_tag","embeddable":true,"href":"https:\/\/saigonelixir.com\/vi\/wp-json\/wp\/v2\/product_tag?post=3122"}],"curies":[{"name":"wp","href":"https:\/\/api.w.org\/{rel}","templated":true}]}}