{"id":2945,"date":"2021-07-06T11:25:58","date_gmt":"2021-07-06T04:25:58","guid":{"rendered":"https:\/\/saigonelixir.com\/?post_type=product&#038;p=2945"},"modified":"2021-08-21T22:23:28","modified_gmt":"2021-08-21T15:23:28","slug":"the-ruby-2","status":"publish","type":"product","link":"https:\/\/saigonelixir.com\/vi\/san-pham\/the-ruby-2\/","title":{"rendered":"The Ruby"},"content":{"rendered":"<h2 style=\"padding-left: 30px; margin-top: 0em; margin-bottom: 2em;\">C\u00e2u chuy\u1ec7n \u0111\u1eb1ng sau m\u1ed7i v\u1eadt ch\u1ee9a<\/h2>\n<p style=\"padding-left: 30px; margin-top: 0em; margin-bottom: 2em;\">N\u01b0\u1edbc hoa c\u1ea7n \u0111\u01b0\u1ee3c \u0111\u1ef1ng trong b\u00ecnh ch\u1ee9a. K\u1ec3 t\u1eeb th\u1eddi xa x\u01b0a, nh\u1eefng chi\u1ebfc b\u00ecnh n\u00e0y \u0111\u00e3 l\u00e0 m\u1ed9t lo\u1ea1i h\u00ecnh ngh\u1ec7 thu\u1eadt. C\u00e1c v\u1eadt ch\u1ee9a th\u01b0\u1eddng c\u00f3 gi\u00e1 tr\u1ecb ngang v\u1edbi dung d\u1ecbch b\u00ean trong \u0111\u00e3 l\u00e0 m\u1ed9t truy\u1ec1n th\u1ed1ng c\u00f3 t\u1eeb l\u00e2u \u0111\u1eddi.<\/p>\n<p style=\"padding-left: 30px; margin-top: 0em; margin-bottom: 2em;\">\u201c<em>N\u01b0\u1edbc hoa l\u00e0 m\u1ed9t t\u00e1c ph\u1ea9m ngh\u1ec7 thu\u1eadt..v\u00e0 v\u1eadt ch\u1ee9a n\u00f3 ph\u1ea3i l\u00e0 m\u1ed9t ki\u1ec7t t\u00e1c.<\/em>\u201d<br \/>\n&#8211; Robert Ricci, The House of Nina Ricci<\/p>\n<p style=\"padding-left: 30px; margin-top: 0em; margin-bottom: 2em;\">Nh\u1eefng ng\u01b0\u1eddi Ai C\u1eadp ch\u1ebf t\u1ea1o nh\u1eefng chi\u1ebfc b\u00ecnh b\u1eb1ng g\u1ed7 v\u00e0 \u0111\u1ea5t s\u00e9t, ng\u01b0\u1eddi Palestine s\u1eed d\u1ee5ng nh\u1eefng b\u00ecnh th\u1ee7y tinh c\u00f3 m\u00e0u b\u1eaft m\u1eaft, ng\u01b0\u1eddi Hy L\u1ea1p v\u1ebd nh\u1eefng chi\u1ebfc l\u1ecd nh\u1ecf c\u00f3 h\u00ecnh \u0111\u1ed9ng v\u1eadt trong khi ng\u01b0\u1eddi La M\u00e3 th\u00ec m\u00e0i c\u00e1c lo\u1ea1i \u0111\u00e1 qu\u00fd tr\u1edf th\u00e0nh nh\u1eefng b\u00ecnh ch\u1ee9a sang tr\u1ecdng.<\/p>\n<p style=\"padding-left: 30px; margin-top: 0em; margin-bottom: 2em;\">Ng\u01b0\u1eddi Ch\u00e2u \u00c2u th\u1eddi k\u1ef3 \u0111\u1ed3 \u0111\u00e1 s\u1eed d\u1ee5ng \u0111\u1ed3 s\u1ee9, v\u00e0ng, b\u1ea1c, v\u1ecf s\u00f2, \u0111\u00e1 qu\u00fd v\u00e0 th\u1ee7y tinh. M\u1ed9t s\u1ed1 \u0111\u01b0\u1ee3c ch\u1ebf t\u00e1c b\u1edfi c\u00e1c ngh\u1ec7 nh\u00e2n, m\u1ed9t s\u1ed1 \u0111\u01b0\u1ee3c d\u00f9ng l\u00e0m \u0111\u1ed3 trang s\u1ee9c. N\u01b0\u1edbc hoa \u0111\u01b0\u1ee3c b\u00e1n trong c\u00e1c chai b\u00ecnh th\u01b0\u1eddng sau \u0111\u00f3 \u0111\u01b0\u1ee3c chi\u1ebft xu\u1ea5t th\u00e0nh c\u00e1c b\u00ecnh trang tr\u00ed t\u1ea1i nh\u00e0 \u0111\u1eaft ti\u1ec1n.<\/p>","protected":false},"excerpt":{"rendered":"<p>\u0110\u00e1 Ruby l\u00e0 m\u1ed9t trong nh\u1eefng lo\u1ea1i \u0111\u00e1 qu\u00fd truy\u1ec1n th\u1ed1ng, c\u00f9ng v\u1edbi th\u1ea1ch anh t\u00edm v\u00e0 sapphire. Ruby \u0111\u01b0\u1ee3c bi\u1ebft \u0111\u1ebfn v\u1edbi c\u00f4ng d\u1ee5ng khi\u1ebfn b\u1ea1n \u0111\u1ecbnh h\u01b0\u1edbng t\u00edch c\u1ef1c v\u1ec1 b\u1ea3n th\u00e2n, th\u00fac \u0111\u1ea9y kh\u1ea3 n\u0103ng l\u00e3nh \u0111\u1ea1o.<\/p>\n<p>&nbsp;<\/p>\n<p><strong>Lo\u1ea1i chai: <\/strong>Chai th\u1ee7y tinh nh\u1ecf gi\u1ecdt c\u00f3 n\u1eafp v\u1eb7n<\/p>\n<p>&nbsp;<\/p>\n<ul>\n<li style=\"list-style-type: none;\">\n<ul>\n<li><strong>Xu\u1ea5t<\/strong><strong> x\u1ee9:<\/strong> Trung \u0110\u00f4ng, Ch\u00e2u \u00c2u<\/li>\n<li><strong>Ch\u1ea5t<\/strong><strong> li\u1ec7u<\/strong><strong>:<\/strong> Kim lo\u1ea1i \u00e1nh \u0111\u1ed3ng<\/li>\n<li><strong>M\u00e0u<\/strong><strong> s\u1eafc<\/strong><strong>:<\/strong> \u0110\u1ecf<\/li>\n<li><strong>Dung<\/strong><strong> t\u00edch<\/strong><strong>:<\/strong> 3 ML<\/li>\n<li><strong>K\u00edch<\/strong><strong> th\u01b0\u1edbc<\/strong><strong>:<\/strong> 4.5 x 9 (L\/H) CM<\/li>\n<li><strong>C\u00e2n<\/strong><strong> n\u1eb7ng: <\/strong>215g<\/li>\n<li><strong>Lo\u1ea1i:<\/strong> Chai th\u1ee7y tinh nh\u1ecf gi\u1ecdt th\u1ee7 c\u00f4ng<\/li>\n<li><strong>S\u1eed d\u1ee5ng:<\/strong> Du l\u1ecbch, l\u00e0m qu\u00e0 t\u1eb7ng sang tr\u1ecdng<\/li>\n<\/ul>\n<\/li>\n<\/ul>\n<div><\/div>","protected":false},"featured_media":3067,"template":"","meta":[],"product_cat":[417],"product_tag":[474,534],"aioseo_notices":[],"_links":{"self":[{"href":"https:\/\/saigonelixir.com\/vi\/wp-json\/wp\/v2\/product\/2945"}],"collection":[{"href":"https:\/\/saigonelixir.com\/vi\/wp-json\/wp\/v2\/product"}],"about":[{"href":"https:\/\/saigonelixir.com\/vi\/wp-json\/wp\/v2\/types\/product"}],"wp:featuredmedia":[{"embeddable":true,"href":"https:\/\/saigonelixir.com\/vi\/wp-json\/wp\/v2\/media\/3067"}],"wp:attachment":[{"href":"https:\/\/saigonelixir.com\/vi\/wp-json\/wp\/v2\/media?parent=2945"}],"wp:term":[{"taxonomy":"product_cat","embeddable":true,"href":"https:\/\/saigonelixir.com\/vi\/wp-json\/wp\/v2\/product_cat?post=2945"},{"taxonomy":"product_tag","embeddable":true,"href":"https:\/\/saigonelixir.com\/vi\/wp-json\/wp\/v2\/product_tag?post=2945"}],"curies":[{"name":"wp","href":"https:\/\/api.w.org\/{rel}","templated":true}]}}