{"id":2689,"date":"2021-05-27T07:03:39","date_gmt":"2021-05-27T07:03:39","guid":{"rendered":"https:\/\/saigonelixir.com\/?post_type=product&#038;p=2689"},"modified":"2022-06-03T17:40:24","modified_gmt":"2022-06-03T10:40:24","slug":"musk-rose-3","status":"publish","type":"product","link":"https:\/\/saigonelixir.com\/vi\/san-pham\/musk-rose-3\/","title":{"rendered":"Musk Rose"},"content":{"rendered":"<p>&nbsp;<\/p>\n<p><strong>Th\u00f4ng tin s\u1ea3n ph\u1ea9m<\/strong><\/p>\n<p>&nbsp;<\/p>\n<p><strong>\u0110\u01b0\u1ee3c l\u00e0m th\u1ee7 c\u00f4ng b\u1edfi c\u00e1c ngh\u1ec7 nh\u00e2n<\/strong><br \/>\nM\u1ed7i s\u1ea3n ph\u1ea9m c\u1ee7a Saigon Elixir \u0111\u1ec1u \u0111\u01b0\u1ee3c l\u00e0m m\u1ed9t c\u00e1ch t\u1ec9 m\u1ec9, th\u1ec3 hi\u1ec7n s\u1ef1 tinh t\u00fay \u0111\u01b0\u1ee3c k\u1ebf th\u1eeba t\u1eeb xa x\u01b0a.<\/p>\n<p>\u0110\u1ed9i ng\u0169 ch\u01b0ng c\u1ea5t, pha ch\u1ebf n\u01b0\u1edbc hoa c\u00f9ng v\u1edbi th\u1ee3 th\u1ee7 c\u00f4ng v\u00e0 nh\u00e0 thi\u1ebft k\u1ebf t\u1eadn t\u00e2m v\u00e0 c\u00f3 tay ngh\u1ec1 cao c\u1ee7a ch\u00fang t\u00f4i l\u00e0m vi\u1ec7c kh\u00f4ng k\u1ec3 c\u00f4ng s\u1ee9c \u0111\u1ec3 cung c\u1ea5p c\u00e1c s\u1ea3n ph\u1ea9m- n\u1ed5i ti\u1ebfng v\u1edbi truy\u1ec1n th\u1ed1ng lu\u00f4n \u0111\u1ed5i m\u1edbi v\u00e0 \u0111\u1eb7c bi\u1ec7t c\u1ee7a h\u1ecd.<\/p>\n<p>&nbsp;<\/p>\n<p><strong>Chai th\u1ee7y tinh ch\u1ea5t l\u01b0\u1ee3ng<\/strong><br \/>\nChai x\u1ecbt th\u1ee7y tinh c\u1ee7a ch\u00fang t\u00f4i l\u00e0 d\u1ea1ng chai ph\u00f9 h\u1ee3p mang theo b\u00ean m\u00ecnh ho\u1eb7c x\u00e1ch tay trong t\u00fai x\u00e1ch, gi\u00fap b\u1ea1n tho\u1ea3i m\u00e1i mang theo m\u00f9i h\u01b0\u01a1ng y\u00eau th\u00edch c\u1ee7a m\u00ecnh m\u1ecdi l\u00fac m\u1ecdi n\u01a1i.<\/p>\n<p>N\u01b0\u1edbc hoa Saigon Elixir \u0111\u01b0\u1ee3c ph\u00e2n ph\u1ed1i d\u01b0\u1edbi d\u1ea1ng chai x\u1ecbt 30ml, \u0111\u1ea3m b\u1ea3o cho ng\u01b0\u1eddi d\u00f9ng c\u00f3 th\u1ec3 s\u1eed d\u1ee5ng v\u00e0 t\u1eadn h\u01b0\u1edfng tr\u1ea3i nghi\u1ec7m v\u1edbi s\u1ea3n ph\u1ea9m Saigon Elixir m\u1ed9t c\u00e1ch l\u00e2u d\u00e0i. Chai th\u1ee7y tinh c\u1ee7a ch\u00fang t\u00f4i l\u00e0 d\u00f2ng chai ti\u00eau chu\u1ea9n, \u0111\u01b0\u1ee3c thi\u1ebft k\u1ebf tinh t\u1ebf \u0111\u1ec3 s\u1eed d\u1ee5ng s\u1ea3n ph\u1ea9m m\u1ed9t c\u00e1ch h\u1eefu hi\u1ec7u nh\u1ea5t.<\/p>\n<p>&nbsp;<\/p>\n<p><strong>H\u1ed9p s\u1ea3n ph\u1ea9m cao c\u1ea5p<\/strong><br \/>\nH\u1ed9p c\u1ee7a ch\u00fang t\u00f4i \u0111\u01b0\u1ee3c thi\u1ebft k\u1ebf \u0111\u1eb7c bi\u1ec7t, th\u1ec3 hi\u1ec7n v\u1ebb \u0111\u1eb9p c\u1ee7a s\u1ea3n ph\u1ea9m v\u1edbi nh\u1eefng \u0111\u01b0\u1eddng n\u00e9t kh\u1eafc tay.<\/p>\n<p>\u0110\u1ec3 t\u0103ng th\u00eam ph\u1ea7n sang tr\u1ecdng, ch\u00fang t\u00f4i s\u1eed d\u1ee5ng gi\u1ea5y m\u1ef9 thu\u1eadt ch\u1ea5t l\u01b0\u1ee3ng c\u00f9ng v\u1edbi vi\u1ec7c \u00e9p nh\u0169 gold l\u00ean nh\u00e3n.<\/p>\n<p>Thi\u1ebft k\u1ebf \u0111\u1ed3ng ngh\u0129a v\u1edbi s\u1ef1 qu\u00fd ph\u00e1i v\u00e0 gi\u1ea3m thi\u1ec3u r\u1ee7i ro h\u01b0 h\u1ecfng khi v\u1eadn chuy\u1ec3n.<\/p>\n<div><\/div>","protected":false},"excerpt":{"rendered":"<p>&nbsp;<\/p>\n<p><strong>M\u00f4 t\u1ea3 h\u01b0\u01a1ng th\u01a1m &#8211;<\/strong> Hoa h\u1ed3ng, X\u1ea1 h\u01b0\u01a1ng<\/p>\n<ul>\n<li>Dung t\u00edch chai: 30 ML<\/li>\n<li>Lo\u1ea1i chai: Rectangle glass<\/li>\n<li>Th\u00e0nh ph\u1ea7n: Perfume oil &amp; Alcohol<\/li>\n<li>M\u00e3 s\u1ed1: # 204<\/li>\n<\/ul>\n<div><\/div>\n<div><\/div>","protected":false},"featured_media":3556,"template":"","meta":[],"product_cat":[147],"product_tag":[460,509],"aioseo_notices":[],"_links":{"self":[{"href":"https:\/\/saigonelixir.com\/vi\/wp-json\/wp\/v2\/product\/2689"}],"collection":[{"href":"https:\/\/saigonelixir.com\/vi\/wp-json\/wp\/v2\/product"}],"about":[{"href":"https:\/\/saigonelixir.com\/vi\/wp-json\/wp\/v2\/types\/product"}],"wp:featuredmedia":[{"embeddable":true,"href":"https:\/\/saigonelixir.com\/vi\/wp-json\/wp\/v2\/media\/3556"}],"wp:attachment":[{"href":"https:\/\/saigonelixir.com\/vi\/wp-json\/wp\/v2\/media?parent=2689"}],"wp:term":[{"taxonomy":"product_cat","embeddable":true,"href":"https:\/\/saigonelixir.com\/vi\/wp-json\/wp\/v2\/product_cat?post=2689"},{"taxonomy":"product_tag","embeddable":true,"href":"https:\/\/saigonelixir.com\/vi\/wp-json\/wp\/v2\/product_tag?post=2689"}],"curies":[{"name":"wp","href":"https:\/\/api.w.org\/{rel}","templated":true}]}}